{"id":7962,"date":"2021-01-28T12:35:20","date_gmt":"2021-01-28T11:35:20","guid":{"rendered":"https:\/\/www.unitedarchitektur.com\/process\/"},"modified":"2026-02-15T20:02:55","modified_gmt":"2026-02-15T19:02:55","slug":"studio","status":"publish","type":"page","link":"https:\/\/www.unitedarchitektur.com\/de\/studio\/","title":{"rendered":"Studio"},"content":{"rendered":"<div  class=\"tatsu-4Hrs4e4g9 tatsu-section  tatsu-bg-overlay   tatsu-clearfix\" data-title=\"\"  data-headerscheme=\"background--dark\"><div class='tatsu-section-pad clearfix' data-padding='{\"d\":\"250px 10% 150px 10%\",\"m\":\"150px 5% 0px 5%\",\"t\":\"150px 5% 100px 5%\"}' data-padding-top='150px'><div class=\"tatsu-row-wrap  tatsu-row-full-width tatsu-row-one-col tatsu-row-has-one-cols tatsu-zero-margin tatsu-medium-gutter tatsu-reg-cols tatsu-hide-tablet tatsu-hide-mobile  tatsu-clearfix tatsu-HJRR-NB9u\" ><style>@media only screen and (max-width: 767px) {.tatsu-HJRR-NB9u.tatsu-row-wrap > .tatsu-row{padding: 0px 0px 70px 0px;}}<\/style><div  class=\"tatsu-row \" ><div  class=\"tatsu-column  tatsu-bg-overlay tatsu-one-col tatsu-column-align-middle tatsu-column-image-none tatsu-column-effect-none  tatsu-S1gCCZEr5u\"  data-parallax-speed=\"0\" style=\"\"><div class=\"tatsu-column-inner \" ><div class=\"tatsu-column-pad-wrap\"><div class=\"tatsu-column-pad\" ><div  class=\"tatsu-module tatsu-text-block-wrap tatsu-SkM0A-Er9O  \"><div class=\"tatsu-text-inner   clearfix\" ><style>.tatsu-SkM0A-Er9O.tatsu-text-block-wrap .tatsu-text-inner{width: 65%;text-align: left;padding: 0px 0px 70px 0px;}.tatsu-SkM0A-Er9O.tatsu-text-block-wrap{margin: 0px 0px 0px 0px;}.tatsu-SkM0A-Er9O.tatsu-text-block-wrap .tatsu-text-inner *{text-transform : none;font-size : 20px;line-height : 28px;}<\/style>\n<h4>United ist ein Architekturb\u00fcro in Berlin, das einen gestaltungsorientierten Ansatz mit h\u00f6chstem Anspruch an die Qualit\u00e4t der Ausf\u00fchrung verfolgt. Wir arbeiten an einem breiten Spektrum von Projekten in unterschiedlichen Umgebungen. Architektur ist f\u00fcr uns ein wichtiger gesellschaftlicher und kultureller Mittler des Lebens in der Metropole. United gestaltet die gebaute Umwelt, um die Lebensqualit\u00e4t von Menschen zu verbessern. Form und Raum in unseren Arbeiten sind Ausdruck dieses Anspruchs.<\/h4>\n<h4>Dr. Jens Brinkmann gr\u00fcndete das Unternehmen im Jahr 2004. Zuvor konnte er wichtige Berufserfahrungen bei Jean Nouvel, Paulo Mendes da Rocha, MMBB and Andrade Morettin Arquitetos in Brasilien, Chile, Frankreich und den USA sammeln. Er leitet ein internationales Team von erfahrenen Architekten. Brinkmann ist Mitglied im Vorstand des Bund Deutscher Architektinnen und Architekten BDA Berlin. 2019 wurde er an der Humboldt-Universit\u00e4t zu Berlin im Fach Kulturwissenschaften mit einem Thema \u00fcber Architektur in Brasilien promoviert. Brinkmann hat Architektur an der Brandenburgischen Technischen Universit\u00e4t gelehrt und Vortr\u00e4ge u.a. am Georgia Institute of Technology in Atlanta, an der Universidade de S\u00e3o Paulo, der ENS d&#8217;Architecture de Paris La Villette oder der ESAP in Porto gehalten.<\/h4>\n<h4>Wir arbeiten in allen Phasen der Projektentwicklung. Eine hervorragende Gestaltung ist unser Anspruch an jedes einzelne Projekt. Zu unseren Kunden z\u00e4hlen Einzelpersonen, Familien, private und \u00f6ffentliche Organisationen, Gemeinden und Bautr\u00e4ger. Gemeinsam konnten wir B\u00fcrogeb\u00e4ude und Arbeitspl\u00e4tze, komplexe \u00f6ffentliche Projekte im st\u00e4dtischen Raum und in der Landschaft, Wohnh\u00e4user und Innenr\u00e4ume realisieren. Unsere Arbeit ist Gegenstand von Ver\u00f6ffentlichungen und Auszeichnungen.<\/h4>\n<\/div><\/div><\/div><\/div><div class = \"tatsu-column-bg-image-wrap\"><div class = \"tatsu-column-bg-image\" ><\/div><\/div><div class=\"tatsu-overlay tatsu-column-overlay tatsu-animate-none\" ><\/div><\/div><style>.tatsu-row > .tatsu-S1gCCZEr5u.tatsu-column{width: 100%;}.tatsu-S1gCCZEr5u.tatsu-column{margin: 0 0 0px 0 !important;transform: translate3d(0%,0px, 0);}.tatsu-S1gCCZEr5u.tatsu-column > .tatsu-column-inner > .tatsu-column-overlay{mix-blend-mode: normal;}.tatsu-S1gCCZEr5u > .tatsu-column-inner > .tatsu-top-divider{z-index: 9999;}.tatsu-S1gCCZEr5u > .tatsu-column-inner > .tatsu-bottom-divider{z-index: 9999;}.tatsu-S1gCCZEr5u > .tatsu-column-inner > .tatsu-left-divider{z-index: 9999;}.tatsu-S1gCCZEr5u > .tatsu-column-inner > .tatsu-right-divider{z-index: 9999;}@media only screen and (max-width:1377px) {.tatsu-row > .tatsu-S1gCCZEr5u.tatsu-column{width: 100%;}}@media only screen and (min-width:768px) and (max-width: 1024px) {.tatsu-row > .tatsu-S1gCCZEr5u.tatsu-column{width: 100%;}}@media only screen and (max-width: 767px) {.tatsu-row > .tatsu-S1gCCZEr5u.tatsu-column{width: 100%;}}<\/style><\/div><\/div><\/div><div class=\"tatsu-row-wrap  tatsu-row-full-width tatsu-row-has-one-half tatsu-row-has-two-cols tatsu-zero-margin tatsu-medium-gutter tatsu-reg-cols tatsu-swap-cols tatsu-hide-tablet tatsu-hide-mobile  tatsu-clearfix tatsu-H1c_sJJT1l\" ><style>@media only screen and (max-width: 767px) {.tatsu-H1c_sJJT1l.tatsu-row-wrap > .tatsu-row{padding: 0px 0px 70px 0px;}}<\/style><div  class=\"tatsu-row \" ><div  class=\"tatsu-column  tatsu-bg-overlay tatsu-one-half tatsu-column-align-middle tatsu-column-image-none tatsu-column-effect-none  tatsu-B1xquoJyT1l\"  data-parallax-speed=\"0\" style=\"\"><div class=\"tatsu-column-inner \" ><div class=\"tatsu-column-pad-wrap\"><div class=\"tatsu-column-pad\" ><div  class=\"tatsu-module tatsu-text-block-wrap tatsu-B1M5doyJT1l  \"><div class=\"tatsu-text-inner tatsu-align-center  clearfix\" ><style>.tatsu-B1M5doyJT1l.tatsu-text-block-wrap .tatsu-text-inner{width: 100%;text-align: left;padding: 0px 0px 40px 0px;}.tatsu-B1M5doyJT1l.tatsu-text-block-wrap{margin: 0px 0px 0px 0px;}.tatsu-B1M5doyJT1l.tatsu-text-block-wrap .tatsu-text-inner *{text-transform : none;font-size : 40px;line-height : 30px;}<\/style>\n<h2><strong>SERVICES<\/strong><\/h2>\n<\/div><\/div><div  class=\"tatsu-module tatsu-text-block-wrap tatsu-HJYQnykTJe  \"><div class=\"tatsu-text-inner   clearfix\" ><style>.tatsu-HJYQnykTJe.tatsu-text-block-wrap .tatsu-text-inner{width: 100%;text-align: left;padding: 0px 0px 100px 0px;}.tatsu-HJYQnykTJe.tatsu-text-block-wrap{margin: 0px 0px 0px 0px;}.tatsu-HJYQnykTJe.tatsu-text-block-wrap .tatsu-text-inner *{text-transform : none;font-size : 20px;line-height : 20px;}<\/style>\n<ul>\n<li>\n<p>Architektur<\/p>\n<\/li>\n<li>\n<p>Plannung LP 1-9<\/p>\n<\/li>\n<li>Innenarchitektur<\/li>\n<li>\n<p>Koordination<\/p>\n<\/li>\n<li>\n<p>Kreative Leitung<\/p>\n<\/li>\n<li>\n<p>Materialforschung<\/p>\n<\/li>\n<li>\n<p>Produktdesign<\/p>\n<\/li>\n<li>\n<p>Raumkonzepte<\/p>\n<\/li>\n<li>\n<p>Strategie<\/p>\n<\/li>\n<li>\n<p>Bauantr\u00e4ge<\/p>\n<\/li>\n<li>nachtr\u00e4gliche Genehmigungen<\/li>\n<li>\n<p>Vortr\u00e4ge<\/p>\n<\/li>\n<li>\n<p>Workshops<\/p>\n<\/li>\n<li>\n<p>3D-Visualisierungen<\/p>\n<\/li>\n<\/ul>\n<\/div><\/div><\/div><\/div><div class = \"tatsu-column-bg-image-wrap\"><div class = \"tatsu-column-bg-image\" ><\/div><\/div><div class=\"tatsu-overlay tatsu-column-overlay tatsu-animate-none\" ><\/div><\/div><style>.tatsu-row > .tatsu-B1xquoJyT1l.tatsu-column{width: 35%;}.tatsu-B1xquoJyT1l.tatsu-column{margin: 0 0 0px 0 !important;transform: translate3d(0%,0px, 0);}.tatsu-B1xquoJyT1l.tatsu-column > .tatsu-column-inner > .tatsu-column-overlay{mix-blend-mode: normal;}.tatsu-B1xquoJyT1l > .tatsu-column-inner > .tatsu-top-divider{z-index: 9999;}.tatsu-B1xquoJyT1l > .tatsu-column-inner > .tatsu-bottom-divider{z-index: 9999;}.tatsu-B1xquoJyT1l > .tatsu-column-inner > .tatsu-left-divider{z-index: 9999;}.tatsu-B1xquoJyT1l > .tatsu-column-inner > .tatsu-right-divider{z-index: 9999;}@media only screen and (max-width:1377px) {.tatsu-row > .tatsu-B1xquoJyT1l.tatsu-column{width: 50%;}}@media only screen and (min-width:768px) and (max-width: 1024px) {.tatsu-row > .tatsu-B1xquoJyT1l.tatsu-column{width: 50%;}}@media only screen and (max-width: 767px) {.tatsu-row > .tatsu-B1xquoJyT1l.tatsu-column{width: 100%;}}<\/style><\/div><div  class=\"tatsu-column  tatsu-bg-overlay tatsu-one-half tatsu-column-image-none tatsu-column-effect-none  tatsu-ByeO3skJpyg\"  data-parallax-speed=\"0\" style=\"\"><div class=\"tatsu-column-inner \" ><div class=\"tatsu-column-pad-wrap\"><div class=\"tatsu-column-pad\" ><div  class=\"tatsu-module tatsu-text-block-wrap tatsu-ByS7hky6Jg  \"><div class=\"tatsu-text-inner tatsu-align-center  clearfix\" ><style>.tatsu-ByS7hky6Jg.tatsu-text-block-wrap .tatsu-text-inner{width: 100%;text-align: left;padding: 0px 0px 40px 0px;}.tatsu-ByS7hky6Jg.tatsu-text-block-wrap{margin: 0px 0px 0px 0px;}.tatsu-ByS7hky6Jg.tatsu-text-block-wrap .tatsu-text-inner *{text-transform : none;font-size : 40px;line-height : 30px;}<\/style>\n<h2><strong>EXPERTISE<\/strong><\/h2>\n<\/div><\/div><div  class=\"tatsu-module tatsu-text-block-wrap tatsu-rJX9_oyy6Jg  \"><div class=\"tatsu-text-inner   clearfix\" ><style>.tatsu-rJX9_oyy6Jg.tatsu-text-block-wrap .tatsu-text-inner{text-align: left;padding: 0px 0px 100px 0px;}.tatsu-rJX9_oyy6Jg.tatsu-text-block-wrap{margin: 0px 0px 0px 0px;}.tatsu-rJX9_oyy6Jg.tatsu-text-block-wrap .tatsu-text-inner *{text-transform : none;font-size : 20px;line-height : 20px;}<\/style>\n<ul>\n<li>H\u00e4user<\/li>\n<li>Wohngeb\u00e4ude<\/li>\n<li>Arbeitsr\u00e4ume<\/li>\n<li>Ausstellungen<\/li>\n<li>Gastgewerbe<\/li>\n<li>Gesundheitswesen<\/li>\n<li>Gewerbliche Projekte<\/li>\n<li>Messen<\/li>\n<li>Pop-ups<\/li>\n<li>Verkaufsfl\u00e4chen<\/li>\n<li>Dachausbauten<\/li>\n<li>Dachaufstockungen<\/li>\n<li>Denkmalschutz<\/li>\n<\/ul>\n<\/div><\/div><\/div><\/div><div class = \"tatsu-column-bg-image-wrap\"><div class = \"tatsu-column-bg-image\" ><\/div><\/div><div class=\"tatsu-overlay tatsu-column-overlay tatsu-animate-none\" ><\/div><\/div><style>.tatsu-row > .tatsu-ByeO3skJpyg.tatsu-column{width: 65%;}.tatsu-ByeO3skJpyg.tatsu-column > .tatsu-column-inner > .tatsu-column-overlay{mix-blend-mode: normal;}.tatsu-ByeO3skJpyg > .tatsu-column-inner > .tatsu-top-divider{z-index: 9999;}.tatsu-ByeO3skJpyg > .tatsu-column-inner > .tatsu-bottom-divider{z-index: 9999;}.tatsu-ByeO3skJpyg > .tatsu-column-inner > .tatsu-left-divider{z-index: 9999;}.tatsu-ByeO3skJpyg > .tatsu-column-inner > .tatsu-right-divider{z-index: 9999;}@media only screen and (max-width:1377px) {.tatsu-row > .tatsu-ByeO3skJpyg.tatsu-column{width: 50%;}}@media only screen and (min-width:768px) and (max-width: 1024px) {.tatsu-row > .tatsu-ByeO3skJpyg.tatsu-column{width: 50%;}}@media only screen and (max-width: 767px) {.tatsu-row > .tatsu-ByeO3skJpyg.tatsu-column{width: 100%;}}<\/style><\/div><\/div><\/div><div class=\"tatsu-row-wrap  tatsu-row-full-width tatsu-row-one-col tatsu-row-has-one-cols tatsu-zero-margin tatsu-medium-gutter tatsu-reg-cols tatsu-hide-tablet tatsu-hide-mobile  tatsu-clearfix tatsu-B1Pis1k61e\" ><style>@media only screen and (max-width: 767px) {.tatsu-B1Pis1k61e.tatsu-row-wrap > .tatsu-row{padding: 0px 0px 70px 0px;}}<\/style><div  class=\"tatsu-row \" ><div  class=\"tatsu-column  tatsu-bg-overlay tatsu-one-col tatsu-column-align-middle tatsu-column-image-none tatsu-column-effect-none  tatsu-HklPss1JT1g\"  data-parallax-speed=\"0\" style=\"\"><div class=\"tatsu-column-inner \" ><div class=\"tatsu-column-pad-wrap\"><div class=\"tatsu-column-pad\" ><div  class=\"tatsu-module tatsu-text-block-wrap tatsu-rk-Pjjk1T1e  \"><div class=\"tatsu-text-inner tatsu-align-center  clearfix\" ><style>.tatsu-rk-Pjjk1T1e.tatsu-text-block-wrap .tatsu-text-inner{width: 100%;text-align: left;padding: 0px 0px 40px 0px;}.tatsu-rk-Pjjk1T1e.tatsu-text-block-wrap{margin: 0px 0px 0px 0px;}.tatsu-rk-Pjjk1T1e.tatsu-text-block-wrap .tatsu-text-inner *{text-transform : none;font-size : 40px;line-height : 30px;}<\/style>\n<h2><strong>AUSZEICHNUNGEN<\/strong><\/h2>\n<\/div><\/div><div  class=\"tatsu-module tatsu-text-block-wrap tatsu-ryMDjjJyT1x  \"><div class=\"tatsu-text-inner   clearfix\" ><style>.tatsu-ryMDjjJyT1x.tatsu-text-block-wrap .tatsu-text-inner{width: 35%;text-align: left;padding: 0px 0px 100px 0px;}.tatsu-ryMDjjJyT1x.tatsu-text-block-wrap{margin: 0px 0px 0px 0px;}.tatsu-ryMDjjJyT1x.tatsu-text-block-wrap .tatsu-text-inner *{text-transform : none;font-size : 20px;line-height : 28px;}<\/style>\n<p>German Design Award 2025, Gewinner in der Kategorie &#8218;Excellent Architecture&#8216; f\u00fcr unser Projekt Yew Tree Living, Frankfurt, Germany, 2025.<\/p>\n<p>BIG SEE (South-East-Europe) Architecture Award 2025, Gewinner in der Kategorie &#8218;Wohnbau-Umbau&#8216;, Portoro\u017e-Piran, Slovenia, 2025.<\/p>\n<p>1. Preis, Pilotfl\u00e4chen moderner B\u00fcrowelten im Bundesministerium der Justiz, Berlin, Deutschland, 2024.<\/p>\n<p>BIG SEE (South-East-Europe) Architecture Award 2024, Gewinner in der Kategorie &#8218;Industrial Buildings and Workspace&#8216;, Bernd Huckriede, Jens Brinkmann, Ludwig Heimbach, Ljubljana, Slovenia, 2024.<\/p>\n<p>Lobende Erw\u00e4hnung, Meditation Farm \u2013 S\u00e3o Paulo urban rooftop rehabilitation as community practice, S\u00e3o Paulo, Brazil, 2024.<\/p>\n<p>Lobende Erw\u00e4hnung, Greenhouse Restaurant, M\u00fdvatn, Iceland, 2022.<\/p>\n<p>Finalist (18 aus 222), Mocca Eck: Ein Artefakt der ostdeutschen Moderne f\u00fcr das Humboldt Forum, Kunstinstallation mit Bernd Trasberger, Berlin, Deutschland, 2018.<\/p>\n<p>2. Preis, RAW:almond River pop-up restaurant, Winnipeg, Canada, 2014.<\/p>\n<p>1. Preis, New Housing Aulendorf, Jens Brinkmann, Alejandro Tom\u00e1s-Rold\u00e1n, Dana Matschek, Germany, 2007.<\/p>\n<p>Finalist (10 aus 250), Van Alen Institute, This is not Manhattan, Jens Brinkmann, Fabien Gantois, New York, USA, 1998<\/p>\n<\/div><\/div><\/div><\/div><div class = \"tatsu-column-bg-image-wrap\"><div class = \"tatsu-column-bg-image\" ><\/div><\/div><div class=\"tatsu-overlay tatsu-column-overlay tatsu-animate-none\" ><\/div><\/div><style>.tatsu-row > .tatsu-HklPss1JT1g.tatsu-column{width: 100%;}.tatsu-HklPss1JT1g.tatsu-column{margin: 0 0 0px 0 !important;transform: translate3d(0%,0px, 0);}.tatsu-HklPss1JT1g.tatsu-column > .tatsu-column-inner > .tatsu-column-overlay{mix-blend-mode: normal;}.tatsu-HklPss1JT1g > .tatsu-column-inner > .tatsu-top-divider{z-index: 9999;}.tatsu-HklPss1JT1g > .tatsu-column-inner > .tatsu-bottom-divider{z-index: 9999;}.tatsu-HklPss1JT1g > .tatsu-column-inner > .tatsu-left-divider{z-index: 9999;}.tatsu-HklPss1JT1g > .tatsu-column-inner > .tatsu-right-divider{z-index: 9999;}@media only screen and (max-width:1377px) {.tatsu-row > .tatsu-HklPss1JT1g.tatsu-column{width: 100%;}}@media only screen and (min-width:768px) and (max-width: 1024px) {.tatsu-row > .tatsu-HklPss1JT1g.tatsu-column{width: 100%;}}@media only screen and (max-width: 767px) {.tatsu-row > .tatsu-HklPss1JT1g.tatsu-column{width: 100%;}}<\/style><\/div><\/div><\/div><div class=\"tatsu-row-wrap  tatsu-row-full-width tatsu-row-one-col tatsu-row-has-one-cols tatsu-zero-margin tatsu-medium-gutter tatsu-reg-cols tatsu-hide-laptop tatsu-hide-desktop  tatsu-clearfix tatsu-SkQcSIyHA\" ><style>@media only screen and (max-width: 767px) {.tatsu-SkQcSIyHA.tatsu-row-wrap > .tatsu-row{padding: 0px 0px 0px 0px;}}<\/style><div  class=\"tatsu-row \" ><div  class=\"tatsu-column  tatsu-bg-overlay tatsu-one-col tatsu-column-align-middle tatsu-column-image-none tatsu-column-effect-none  tatsu-rygQ9H8yHR\"  data-parallax-speed=\"0\" style=\"\"><div class=\"tatsu-column-inner \" ><div class=\"tatsu-column-pad-wrap\"><div class=\"tatsu-column-pad\" ><div  class=\"tatsu-module tatsu-text-block-wrap tatsu-Byb79SI1HC  \"><div class=\"tatsu-text-inner   clearfix\" ><style>.tatsu-Byb79SI1HC.tatsu-text-block-wrap .tatsu-text-inner{width: 80%;text-align: left;padding: 0px 0px 150px 0px;}.tatsu-Byb79SI1HC.tatsu-text-block-wrap{margin: 0px 0px 0px 0px;}.tatsu-Byb79SI1HC.tatsu-text-block-wrap .tatsu-text-inner *{font-size : 35px;line-height : 50px;}@media only screen and (max-width: 767px) {.tatsu-Byb79SI1HC.tatsu-text-block-wrap .tatsu-text-inner{width: 100%;padding: 0px 0px 100px 0px;}.tatsu-Byb79SI1HC.tatsu-text-block-wrap .tatsu-text-inner *{text-transform : none;font-size : 20px;line-height : 30px;}}<\/style>\n<h4>United ist ein Architekturb\u00fcro in Berlin, das einen gestaltungsorientierten Ansatz mit h\u00f6chstem Anspruch an die Qualit\u00e4t der Ausf\u00fchrung verfolgt. Wir arbeiten an einem breiten Spektrum von Projekten in unterschiedlichen Umgebungen. Architektur ist f\u00fcr uns ein wichtiger gesellschaftlicher und kultureller Mittler des Lebens in der Metropole. United gestaltet die gebaute Umwelt, um die Lebensqualit\u00e4t von Menschen zu verbessern. Form und Raum in unseren Arbeiten sind Ausdruck dieses Anspruchs.<\/h4>\n<h4>Dr. Jens Brinkmann gr\u00fcndete das Unternehmen im Jahr 2004. Zuvor konnte er bei Jean Nouvel, Paulo Mendes da Rocha, MMBB und Andrade Morettin Arquitetos in Brasilien, Chile, Frankreich und den USA wichtige Berufserfahrungen sammeln. Er leitet ein internationales Team von erfahrenen Architekten. Brinkmann ist Mitglied im Vorstand des Bund Deutscher Architektinnen und Architekten BDA Berlin. 2019 wurde er an der Humboldt-Universit\u00e4t zu Berlin im Fach Kulturwissenschaften mit einem Thema \u00fcber Architektur in Brasilien promoviert. <br \/>Brinkmann hat Architektur an der Brandenburgischen Technischen Universit\u00e4t gelehrt und Vortr\u00e4ge u.a. am Georgia Institute of Technology in Atlanta, an der Universidade de S\u00e3o Paulo, der ENS d&#8217;Architecture de Paris La Villette oder der ESAP in Porto gehalten.<\/h4>\n<h4>Wir arbeiten in allen Phasen der Projektentwicklung. Eine hervorragende Gestaltung ist unser Anspruch an jedes einzelne Projekt. Zu unseren Kunden z\u00e4hlen Einzelpersonen, Familien, private und \u00f6ffentliche Organisationen, Gemeinden und Bautr\u00e4ger. Gemeinsam konnten wir B\u00fcrogeb\u00e4ude und Arbeitspl\u00e4tze, komplexe \u00f6ffentliche Projekte im st\u00e4dtischen Raum und in der Landschaft, Wohnh\u00e4user und Innenr\u00e4ume realisieren. Unsere Arbeit ist Gegenstand von Ver\u00f6ffentlichungen und Auszeichnungen.<\/h4>\n<\/div><\/div><div  class=\"tatsu-module tatsu-text-block-wrap tatsu-B1M7qBU1rR  \"><div class=\"tatsu-text-inner tatsu-align-center  clearfix\" ><style>.tatsu-B1M7qBU1rR.tatsu-text-block-wrap .tatsu-text-inner{width: 100%;text-align: left;padding: 0px 0px 40px 0px;}.tatsu-B1M7qBU1rR.tatsu-text-block-wrap{margin: 0px 0px 0px 0px;}.tatsu-B1M7qBU1rR.tatsu-text-block-wrap .tatsu-text-inner *{font-size : 50px;line-height : 60px;}@media only screen and (max-width: 767px) {.tatsu-B1M7qBU1rR.tatsu-text-block-wrap .tatsu-text-inner *{font-size : 25px;line-height : 30px;}}<\/style>\n<p><strong>AUSZEICHNUNGEN<\/strong><\/p>\n<\/div><\/div><div  class=\"tatsu-module tatsu-text-block-wrap tatsu-rkmQ5B8JH0  \"><div class=\"tatsu-text-inner   clearfix\" ><style>.tatsu-rkmQ5B8JH0.tatsu-text-block-wrap .tatsu-text-inner{width: 100%;text-align: left;padding: 0px 0px 150px 0px;}.tatsu-rkmQ5B8JH0.tatsu-text-block-wrap{margin: 0px 0px 0px 0px;}.tatsu-rkmQ5B8JH0.tatsu-text-block-wrap .tatsu-text-inner *{font-size : 35px;line-height : 50px;}@media only screen and (max-width: 767px) {.tatsu-rkmQ5B8JH0.tatsu-text-block-wrap .tatsu-text-inner{width: 80%;padding: 0px 0px 100px 0px;}.tatsu-rkmQ5B8JH0.tatsu-text-block-wrap .tatsu-text-inner *{text-transform : none;font-size : 20px;line-height : 25px;}}<\/style>\n<p>German Design Award 2025, Gewinner in der Kategorie &#8218;Excellent Architecture&#8216; f\u00fcr unser Projekt Yew Tree Living, Frankfurt, Germany, 2025.<\/p>\n<p>BIG SEE (South-East-Europe) Architecture Award 2025, Gewinner in der Kategorie &#8218;Wohnbau-Umbau&#8216;, Portoro\u017e-Piran, Slovenia, 2025.<\/p>\n<p>1. Preis, Pilotfl\u00e4chen moderner B\u00fcrowelten im Bundesministerium der Justiz, Berlin, Deutschland, 2024.<\/p>\n<p>BIG SEE (South-East-Europe) Architecture Award 2024, Gewinner in der Kategorie &#8218;Industrial Buildings and Workspace&#8216;, Bernd Huckriede, Jens Brinkmann, Ludwig Heimbach, Ljubljana, Slovenia, 2024.<\/p>\n<p>Lobende Erw\u00e4hnung, Meditation Farm \u2013 S\u00e3o Paulo urban rooftop rehabilitation as community practice, S\u00e3o Paulo, Brazil, 2024.<\/p>\n<p>Lobende Erw\u00e4hnung, Greenhouse Restaurant, M\u00fdvatn, Iceland, 2022.<\/p>\n<p>Finalist (18 aus 222), Mocca Eck: Ein Artefakt der ostdeutschen Moderne f\u00fcr das Humboldt Forum, Kunstinstallation mit Bernd Trasberger, Berlin, Deutschland, 2018.<\/p>\n<p>2. Preis, RAW:almond River pop-up restaurant, Winnipeg, Canada, 2014.<\/p>\n<p>1.Preis, New Housing Aulendorf, Jens Brinkmann, Alejandro Tom\u00e1s-Rold\u00e1n, Dana Matschek, Germany, 2007.<\/p>\n<p>Finalist (10 aus 250), Van Alen Institute, This is not Manhattan, Jens Brinkmann, Fabien Gantois, New York, USA, 1998<\/p>\n<\/div><\/div><\/div><\/div><div class = \"tatsu-column-bg-image-wrap\"><div class = \"tatsu-column-bg-image\" ><\/div><\/div><div class=\"tatsu-overlay tatsu-column-overlay tatsu-animate-none\" ><\/div><\/div><style>.tatsu-row > .tatsu-rygQ9H8yHR.tatsu-column{width: 100%;}.tatsu-rygQ9H8yHR.tatsu-column{margin: 0 0 0px 0 !important;transform: translate3d(0%,0px, 0);}.tatsu-rygQ9H8yHR.tatsu-column > .tatsu-column-inner > .tatsu-column-overlay{mix-blend-mode: normal;}.tatsu-rygQ9H8yHR > .tatsu-column-inner > .tatsu-top-divider{z-index: 9999;}.tatsu-rygQ9H8yHR > .tatsu-column-inner > .tatsu-bottom-divider{z-index: 9999;}.tatsu-rygQ9H8yHR > .tatsu-column-inner > .tatsu-left-divider{z-index: 9999;}.tatsu-rygQ9H8yHR > .tatsu-column-inner > .tatsu-right-divider{z-index: 9999;}@media only screen and (max-width:1377px) {.tatsu-row > .tatsu-rygQ9H8yHR.tatsu-column{width: 100%;}}@media only screen and (min-width:768px) and (max-width: 1024px) {.tatsu-row > .tatsu-rygQ9H8yHR.tatsu-column{width: 100%;}}@media only screen and (max-width: 767px) {.tatsu-row > .tatsu-rygQ9H8yHR.tatsu-column{width: 100%;}}<\/style><\/div><\/div><\/div><div class=\"tatsu-row-wrap  tatsu-row-full-width tatsu-row-one-col tatsu-row-has-one-cols tatsu-medium-gutter tatsu-reg-cols  tatsu-clearfix tatsu-HkxELfFHBR\" ><div  class=\"tatsu-row \" ><div  class=\"tatsu-column  tatsu-bg-overlay tatsu-one-col tatsu-column-image-none tatsu-column-effect-none  tatsu-SyEIzYBB0\"  data-parallax-speed=\"0\" style=\"\"><div class=\"tatsu-column-inner \" ><div class=\"tatsu-column-pad-wrap\"><div class=\"tatsu-column-pad\" ><div  class=\"tatsu-single-image tatsu-module tatsu-image-lazyload tatsu-H1DdGKBrA  \" ><div class=\"tatsu-single-image-inner \" style=\"width : 2560px;\" ><div class = \"tatsu-single-image-padding-wrap\" style = \"padding-bottom : 58.8671875%;\" ><\/div><img class = \"tatsu-gradient-border\" alt = \"United-Architektur-studio-team-design-meeting\" title = \"United-Architektur-studio-team-design-meeting01\" data-src = \"https:\/\/www.unitedarchitektur.com\/wp-content\/uploads\/2024\/06\/United-Architektur-studio-team-design-meeting01-2-scaled.jpg\" src =\"data:image\/png;base64,iVBORw0KGgoAAAANSUhEUgAAAAEAAAABCAQAAAC1HAwCAAAAC0lEQVR42mNkYAAAAAYAAjCB0C8AAAAASUVORK5CYII=\"  \/><\/div><style>.tatsu-H1DdGKBrA .tatsu-single-image-inner{border-style: solid;max-width: 80%;}.tatsu-H1DdGKBrA.tatsu-single-image{transform: translate3d(0px,0px, 0);}@media only screen and (max-width: 767px) {.tatsu-H1DdGKBrA{margin: 0 0 0px 0;padding: 0px 0px 100px 0px;}.tatsu-H1DdGKBrA .tatsu-single-image-inner{max-width: 100%;}}<\/style><\/div><\/div><\/div><div class = \"tatsu-column-bg-image-wrap\"><div class = \"tatsu-column-bg-image\" ><\/div><\/div><div class=\"tatsu-overlay tatsu-column-overlay tatsu-animate-none\" ><\/div><\/div><style>.tatsu-row > .tatsu-SyEIzYBB0.tatsu-column{width: 100%;}.tatsu-SyEIzYBB0.tatsu-column > .tatsu-column-inner > .tatsu-column-overlay{mix-blend-mode: normal;}.tatsu-SyEIzYBB0 > .tatsu-column-inner > .tatsu-top-divider{z-index: 9999;}.tatsu-SyEIzYBB0 > .tatsu-column-inner > .tatsu-bottom-divider{z-index: 9999;}.tatsu-SyEIzYBB0 > .tatsu-column-inner > .tatsu-left-divider{z-index: 9999;}.tatsu-SyEIzYBB0 > .tatsu-column-inner > .tatsu-right-divider{z-index: 9999;}@media only screen and (max-width:1377px) {.tatsu-row > .tatsu-SyEIzYBB0.tatsu-column{width: 100%;}}@media only screen and (min-width:768px) and (max-width: 1024px) {.tatsu-row > .tatsu-SyEIzYBB0.tatsu-column{width: 100%;}}@media only screen and (max-width: 767px) {.tatsu-row > .tatsu-SyEIzYBB0.tatsu-column{width: 100%;}}<\/style><\/div><\/div><\/div><\/div><div class=\"tatsu-section-background-wrap\"><div class = \"tatsu-section-background\" ><\/div><\/div><div class=\"tatsu-overlay tatsu-section-overlay\"><\/div><style>.tatsu-4Hrs4e4g9 .tatsu-section-pad{padding: 250px 10% 150px 10%;}.tatsu-4Hrs4e4g9.tatsu-section{margin: 0% 0px 0px 0px;}.tatsu-4Hrs4e4g9 .tatsu-section-offset-wrap{transform: translateY(-0px);}.tatsu-4Hrs4e4g9 > .tatsu-bottom-divider{z-index: 9999;}.tatsu-4Hrs4e4g9 > .tatsu-top-divider{z-index: 9999;}.tatsu-4Hrs4e4g9 .tatsu-section-overlay{mix-blend-mode: normal;}@media only screen and (min-width:768px) and (max-width: 1024px) {.tatsu-4Hrs4e4g9 .tatsu-section-pad{padding: 150px 5% 100px 5%;}}@media only screen and (max-width: 767px) {.tatsu-4Hrs4e4g9 .tatsu-section-pad{padding: 150px 5% 0px 5%;}}<\/style><\/div>\n","protected":false},"excerpt":{"rendered":"<p><a href=\"https:\/\/www.unitedarchitektur.com\/de\/studio\/\" class=\"more-link style3-button\">Weiterlesen<\/a><\/p>","protected":false},"author":1,"featured_media":0,"parent":0,"menu_order":0,"comment_status":"closed","ping_status":"closed","template":"","meta":{"om_disable_all_campaigns":false,"inline_featured_image":false,"_monsterinsights_skip_tracking":false,"_monsterinsights_sitenote_active":false,"_monsterinsights_sitenote_note":"","_monsterinsights_sitenote_category":0,"footnotes":""},"class_list":["post-7962","page","type-page","status-publish","hentry"],"aioseo_notices":[],"_links":{"self":[{"href":"https:\/\/www.unitedarchitektur.com\/de\/wp-json\/wp\/v2\/pages\/7962","targetHints":{"allow":["GET"]}}],"collection":[{"href":"https:\/\/www.unitedarchitektur.com\/de\/wp-json\/wp\/v2\/pages"}],"about":[{"href":"https:\/\/www.unitedarchitektur.com\/de\/wp-json\/wp\/v2\/types\/page"}],"author":[{"embeddable":true,"href":"https:\/\/www.unitedarchitektur.com\/de\/wp-json\/wp\/v2\/users\/1"}],"replies":[{"embeddable":true,"href":"https:\/\/www.unitedarchitektur.com\/de\/wp-json\/wp\/v2\/comments?post=7962"}],"version-history":[{"count":53,"href":"https:\/\/www.unitedarchitektur.com\/de\/wp-json\/wp\/v2\/pages\/7962\/revisions"}],"predecessor-version":[{"id":15109,"href":"https:\/\/www.unitedarchitektur.com\/de\/wp-json\/wp\/v2\/pages\/7962\/revisions\/15109"}],"wp:attachment":[{"href":"https:\/\/www.unitedarchitektur.com\/de\/wp-json\/wp\/v2\/media?parent=7962"}],"curies":[{"name":"wp","href":"https:\/\/api.w.org\/{rel}","templated":true}]}}