{"id":8093,"date":"2020-11-13T12:15:18","date_gmt":"2020-11-13T11:15:18","guid":{"rendered":"https:\/\/www.unitedarchitektur.com\/imprint\/"},"modified":"2024-06-11T17:25:15","modified_gmt":"2024-06-11T15:25:15","slug":"impressum","status":"publish","type":"page","link":"https:\/\/www.unitedarchitektur.com\/de\/impressum\/","title":{"rendered":"Impressum"},"content":{"rendered":"<div  class=\"tatsu-uZy-yHVCar tatsu-section  tatsu-bg-overlay   tatsu-clearfix\" data-title=\"\"  data-headerscheme=\"background--dark\"><div class='tatsu-section-pad clearfix' data-padding='{\"d\":\"250px 0px 100px 0px\",\"l\":\"200px 0px 100px 0px\",\"t\":\"150px 0px 100px 0px\",\"m\":\"150px 0px 50px 0px\"}' data-padding-top='150px'><div class=\"tatsu-row-wrap  tatsu-wrap tatsu-row-one-col tatsu-row-has-one-cols tatsu-medium-gutter tatsu-reg-cols  tatsu-clearfix tatsu-5IgQXwEzvZ\" ><div  class=\"tatsu-row \" ><div  class=\"tatsu-column  tatsu-bg-overlay tatsu-one-col tatsu-column-image-none tatsu-column-effect-none  tatsu-ek2b2tcCs\"  data-parallax-speed=\"0\" style=\"\"><div class=\"tatsu-column-inner \" ><div class=\"tatsu-column-pad-wrap\"><div class=\"tatsu-column-pad\" ><div  class=\"tatsu-module tatsu-text-block-wrap tatsu-hLaow4Z87  \"><div class=\"tatsu-text-inner   clearfix\" ><style>.tatsu-hLaow4Z87.tatsu-text-block-wrap .tatsu-text-inner{width: 100%;text-align: left;}@media only screen and (max-width:1377px) {.tatsu-hLaow4Z87.tatsu-text-block-wrap .tatsu-text-inner{width: 100%;}}<\/style>\n<h3><span style=\"color: #000000;\">Hinweis zum Standort<\/span><\/h3>\n<h5><span style=\"color: #000000;\">Informationen gem\u00e4\u00df Sect. 5 Deutsches Telemediengesetz (TMG)Dr.<br \/>\n<\/span><\/h5>\n<p><span style=\"color: #000000;\">Dr. Jens Brinkmann<\/span><br \/>\n<span style=\"color: #000000;\">United Architektur<\/span><br \/>\n<span style=\"color: #000000;\">Wichertstra\u00dfe 2<\/span><br \/>\n<span style=\"color: #000000;\">10439 Berlin<\/span><\/p>\n<h5><span style=\"color: #000000;\">Kontakt<\/span><\/h5>\n<p><span style=\"color: #000000;\">Tel.: +49 (0)30 308740 -26<\/span><br \/>\n<span style=\"color: #000000;\">E-Mail: office@unitedarchitektur.com<\/span><\/p>\n<h5><span style=\"color: #000000;\">UMSATZSTEUER-ID<\/span><\/h5>\n<p><span style=\"color: #000000;\">Umsatzsteuer-Identifikationsnummer gem\u00e4\u00df \u00a7 2 Abs. 1 Nr. 1 UStG 27 a des Umsatzsteuergesetzes: DE335357135<\/span><\/p>\n<h5><span style=\"color: #000000;\">Berufsbezeichnung und Berufsordnung<\/span><\/h5>\n<p><span style=\"color: #000000;\">Berufsbezeichnung: Architekt<\/span><br \/>\n<span style=\"color: #000000;\">Zust\u00e4ndige Kammer: Architektenkammer Berlin<\/span><br \/>\n<span style=\"color: #000000;\">Zulassung erteilt in: Deutschland<\/span><br \/>\n<span style=\"color: #000000;\">Es gelten die folgenden berufsrechtlichen Vorschriften: Berliner Architekten- und Baukammergesetz<\/span><br \/>\n<span style=\"color: #000000;\">Vorschriften verf\u00fcgbar unter: www.ak-berlin.de<br \/>\n<\/span><\/p>\n<h5><span style=\"color: #000000;\">EU-Streitbeilegung<\/span><\/h5>\n<p><span style=\"color: #000000;\">Die Europ\u00e4ische Kommission stellt eine Plattform zur Online-Streitbeilegung (ODR) zur Verf\u00fcgung: <a style=\"color: #000000;\" href=\"https:\/\/ec.europa.eu\/consumers\/odr\" target=\"_blank\" rel=\"noopener noreferrer\">https:\/\/ec.europa.eu\/consumers\/odr<\/a>.<\/span><br \/>\n<span style=\"color: #000000;\">Unsere E-Mail Adresse finden Sie oben im Impressum.<\/span><\/p>\n<h5><span style=\"color: #000000;\">Streitbeilegungsverfahren vor einer Verbraucherschlichtungsstelle<\/span><\/h5>\n<p><span style=\"color: #000000;\">Wir sind nicht bereit oder verpflichtet, an Streitbeilegungsverfahren vor einer Verbraucherschlichtungsstelle teilzunehmen.<\/span><\/p>\n<p><span style=\"color: #000000;\">Als Diensteanbieter sind wir gem\u00e4\u00df \u00a7 7 Abs.1 TMG f\u00fcr eigene Inhalte auf diesen Seiten nach den allgemeinen Gesetzen verantwortlich. 1 Deutsches Telemediengesetz (TMG). Nach \u00a7\u00a7 8 bis 10 TMG sind Diensteanbieter jedoch nicht verpflichtet, \u00fcbermittelte oder gespeicherte fremde Informationen zu \u00fcberwachen oder nach Umst\u00e4nden zu forschen, die auf eine rechtswidrige T\u00e4tigkeit hinweisen.<\/span><\/p>\n<p><span style=\"color: #000000;\">Gesetzliche Verpflichtungen zur Entfernung von Informationen oder zur Sperrung der Nutzung von Informationen bleiben unber\u00fchrt. In diesem Fall ist eine Haftung erst ab dem Zeitpunkt der Kenntnis einer konkreten Rechtsverletzung m\u00f6glich. Bei Bekanntwerden von Rechtsverletzungen werden wir diese Inhalte umgehend entfernen.<\/span><\/p>\n<h5><span style=\"color: #000000;\">Haftung f\u00fcr Links<\/span><\/h5>\n<p><span style=\"color: #000000;\">Unser Angebot enth\u00e4lt Links zu externen Webseiten Dritter. Auf die Inhalte dieser Websites haben wir keinen Einfluss, daher k\u00f6nnen wir f\u00fcr diese Inhalte auch keine Gew\u00e4hr \u00fcbernehmen. F\u00fcr die Inhalte der verlinkten Seiten ist stets der jeweilige Anbieter oder Betreiber der Seiten verantwortlich.<\/span><\/p>\n<p><span style=\"color: #000000;\">Die verlinkten Seiten wurden zum Zeitpunkt der Verlinkung auf m\u00f6gliche Rechtsverst\u00f6\u00dfe \u00fcberpr\u00fcft. Rechtswidrige Inhalte waren zum Zeitpunkt der Verlinkung nicht erkennbar. Eine permanente inhaltliche Kontrolle der verlinkten Seiten ist jedoch ohne konkrete Anhaltspunkte einer Rechtsverletzung nicht zumutbar. Bei Bekanntwerden von Rechtsverletzungen werden wir diese Links umgehend entfernen.<\/span><\/p>\n<h5><span style=\"color: #000000;\">Urheberrecht<\/span><\/h5>\n<p><span style=\"color: #000000;\">Die durch die Seitenbetreiber erstellten Inhalte und Werke auf diesen Seiten unterliegen dem deutschen Urheberrecht. Die Vervielf\u00e4ltigung, Bearbeitung, Verbreitung und jede Art der Verwertung au\u00dferhalb der Grenzen des Urheberrechtes bed\u00fcrfen der schriftlichen Zustimmung des jeweiligen Autors bzw. Erstellers. Downloads und Kopien dieser Seite sind nur f\u00fcr den privaten Gebrauch gestattet.<\/span><br \/>\n<span style=\"color: #000000;\">Die kommerzielle Nutzung unserer Inhalte ohne Genehmigung des Urhebers ist untersagt.<\/span><\/p>\n<p><span style=\"color: #000000;\">Urheberrechte Dritter werden beachtet, soweit die Inhalte auf diesen Seiten nicht vom Anbieter selbst stammen. Beitr\u00e4ge Dritter auf dieser Seite sind als solche gekennzeichnet. Sollten Sie trotzdem auf eine Urheberrechtsverletzung aufmerksam werden, bitten wir um einen entsprechenden Hinweis. Solche Inhalte werden sofort entfernt.<\/span><\/p>\n<\/div><\/div><\/div><\/div><div class = \"tatsu-column-bg-image-wrap\"><div class = \"tatsu-column-bg-image\" ><\/div><\/div><div class=\"tatsu-overlay tatsu-column-overlay tatsu-animate-none\" ><\/div><\/div><style>.tatsu-row > .tatsu-ek2b2tcCs.tatsu-column{width: 100%;}.tatsu-ek2b2tcCs.tatsu-column > .tatsu-column-inner > .tatsu-column-overlay{mix-blend-mode: normal;}.tatsu-ek2b2tcCs > .tatsu-column-inner > .tatsu-top-divider{z-index: 9999;}.tatsu-ek2b2tcCs > .tatsu-column-inner > .tatsu-bottom-divider{z-index: 9999;}.tatsu-ek2b2tcCs > .tatsu-column-inner > .tatsu-left-divider{z-index: 9999;}.tatsu-ek2b2tcCs > .tatsu-column-inner > .tatsu-right-divider{z-index: 9999;}@media only screen and (max-width:1377px) {.tatsu-row > .tatsu-ek2b2tcCs.tatsu-column{width: 100%;}}@media only screen and (min-width:768px) and (max-width: 1024px) {.tatsu-row > .tatsu-ek2b2tcCs.tatsu-column{width: 100%;}}@media only screen and (max-width: 767px) {.tatsu-row > .tatsu-ek2b2tcCs.tatsu-column{width: 100%;}}<\/style><\/div><\/div><\/div><\/div><div class=\"tatsu-section-background-wrap\"><div class = \"tatsu-section-background\" ><\/div><\/div><div class=\"tatsu-overlay tatsu-section-overlay\"><\/div><style>.tatsu-uZy-yHVCar.tatsu-section{background-color: rgba(255,255,255,1);}.tatsu-uZy-yHVCar .tatsu-section-pad{padding: 250px 0px 100px 0px;}.tatsu-uZy-yHVCar .tatsu-section-offset-wrap{transform: translateY(-0px);}.tatsu-uZy-yHVCar > .tatsu-bottom-divider{z-index: 9999;}.tatsu-uZy-yHVCar > .tatsu-top-divider{z-index: 9999;}.tatsu-uZy-yHVCar .tatsu-section-overlay{mix-blend-mode: normal;}@media only screen and (max-width:1377px) {.tatsu-uZy-yHVCar .tatsu-section-pad{padding: 200px 0px 100px 0px;}}@media only screen and (min-width:768px) and (max-width: 1024px) {.tatsu-uZy-yHVCar .tatsu-section-pad{padding: 150px 0px 100px 0px;}}@media only screen and (max-width: 767px) {.tatsu-uZy-yHVCar .tatsu-section-pad{padding: 150px 0px 50px 0px;}}<\/style><\/div>\n","protected":false},"excerpt":{"rendered":"<p><a href=\"https:\/\/www.unitedarchitektur.com\/de\/impressum\/\" class=\"more-link style3-button\">Weiterlesen<\/a><\/p>","protected":false},"author":1,"featured_media":0,"parent":0,"menu_order":0,"comment_status":"closed","ping_status":"closed","template":"","meta":{"om_disable_all_campaigns":false,"inline_featured_image":false,"_monsterinsights_skip_tracking":false,"_monsterinsights_sitenote_active":false,"_monsterinsights_sitenote_note":"","_monsterinsights_sitenote_category":0,"footnotes":""},"class_list":["post-8093","page","type-page","status-publish","hentry"],"aioseo_notices":[],"_links":{"self":[{"href":"https:\/\/www.unitedarchitektur.com\/de\/wp-json\/wp\/v2\/pages\/8093","targetHints":{"allow":["GET"]}}],"collection":[{"href":"https:\/\/www.unitedarchitektur.com\/de\/wp-json\/wp\/v2\/pages"}],"about":[{"href":"https:\/\/www.unitedarchitektur.com\/de\/wp-json\/wp\/v2\/types\/page"}],"author":[{"embeddable":true,"href":"https:\/\/www.unitedarchitektur.com\/de\/wp-json\/wp\/v2\/users\/1"}],"replies":[{"embeddable":true,"href":"https:\/\/www.unitedarchitektur.com\/de\/wp-json\/wp\/v2\/comments?post=8093"}],"version-history":[{"count":1,"href":"https:\/\/www.unitedarchitektur.com\/de\/wp-json\/wp\/v2\/pages\/8093\/revisions"}],"predecessor-version":[{"id":12343,"href":"https:\/\/www.unitedarchitektur.com\/de\/wp-json\/wp\/v2\/pages\/8093\/revisions\/12343"}],"wp:attachment":[{"href":"https:\/\/www.unitedarchitektur.com\/de\/wp-json\/wp\/v2\/media?parent=8093"}],"curies":[{"name":"wp","href":"https:\/\/api.w.org\/{rel}","templated":true}]}}